{"id":1149,"date":"2023-03-02T19:42:37","date_gmt":"2023-03-02T22:42:37","guid":{"rendered":"https:\/\/ieshernandarias-ers.infd.edu.ar\/sitio\/?page_id=1149"},"modified":"2024-05-30T19:26:51","modified_gmt":"2024-05-30T22:26:51","slug":"carreras","status":"publish","type":"page","link":"https:\/\/ieshernandarias-ers.infd.edu.ar\/sitio\/carreras\/","title":{"rendered":"Carreras"},"content":{"rendered":"\n<p>En nuestra instituci\u00f3n durante el a\u00f1o 2024 se est\u00e1n dictando las siguientes carreras:<\/p>\n\n\n\n<ul>\n<li>Profesorado de Educaci\u00f3n Primaria.(Planta Permanente).<\/li>\n\n\n\n<li>Profesorado de Educaci\u00f3n Tecnol\u00f3gica.(Planta Temporaria, 3 cohortes a partir del a\u00f1o 2023).<\/li>\n\n\n\n<li>Tecnicatura Superior en Seguridad, Higiene y Ambiente en el Trabajo.(Planta temporaria, 3 cohortes a partir del 2020).<\/li>\n<\/ul>\n\n\n\n<p>En nuestra casa tambi\u00e9n se han dictado las carreras de planta temporaria:<\/p>\n\n\n\n<ul>\n<li>Profesorado de Educaci\u00f3n Secundaria en Biolog\u00eda.<\/li>\n\n\n\n<li>Profesorado de Educaci\u00f3n Inicial.<\/li>\n\n\n\n<li>Tecnicatura Superior en Bibliotecolog\u00eda.<\/li>\n<\/ul>\n","protected":false},"excerpt":{"rendered":"<p>En nuestra instituci\u00f3n durante el a\u00f1o 2024 se est\u00e1n dictando las siguientes carreras: En nuestra casa tambi\u00e9n se han dictado las carreras de planta temporaria:<\/p>\n","protected":false},"author":37,"featured_media":0,"parent":0,"menu_order":0,"comment_status":"closed","ping_status":"closed","template":"","meta":[],"acf":[],"_links":{"self":[{"href":"https:\/\/ieshernandarias-ers.infd.edu.ar\/sitio\/wp-json\/wp\/v2\/pages\/1149"}],"collection":[{"href":"https:\/\/ieshernandarias-ers.infd.edu.ar\/sitio\/wp-json\/wp\/v2\/pages"}],"about":[{"href":"https:\/\/ieshernandarias-ers.infd.edu.ar\/sitio\/wp-json\/wp\/v2\/types\/page"}],"author":[{"embeddable":true,"href":"https:\/\/ieshernandarias-ers.infd.edu.ar\/sitio\/wp-json\/wp\/v2\/users\/37"}],"replies":[{"embeddable":true,"href":"https:\/\/ieshernandarias-ers.infd.edu.ar\/sitio\/wp-json\/wp\/v2\/comments?post=1149"}],"version-history":[{"count":2,"href":"https:\/\/ieshernandarias-ers.infd.edu.ar\/sitio\/wp-json\/wp\/v2\/pages\/1149\/revisions"}],"predecessor-version":[{"id":1182,"href":"https:\/\/ieshernandarias-ers.infd.edu.ar\/sitio\/wp-json\/wp\/v2\/pages\/1149\/revisions\/1182"}],"wp:attachment":[{"href":"https:\/\/ieshernandarias-ers.infd.edu.ar\/sitio\/wp-json\/wp\/v2\/media?parent=1149"}],"curies":[{"name":"wp","href":"https:\/\/api.w.org\/{rel}","templated":true}]}}