{"id":1219,"date":"2025-04-25T20:27:55","date_gmt":"2025-04-25T23:27:55","guid":{"rendered":"https:\/\/ieshernandarias-ers.infd.edu.ar\/sitio\/?page_id=1219"},"modified":"2025-04-25T20:59:29","modified_gmt":"2025-04-25T23:59:29","slug":"asociacion-cooperadora-periodo-2024-2026","status":"publish","type":"page","link":"https:\/\/ieshernandarias-ers.infd.edu.ar\/sitio\/asociacion-cooperadora-periodo-2024-2026\/","title":{"rendered":"Asociaci\u00f3n Cooperadora"},"content":{"rendered":"\n<p><strong>Comisi\u00f3n Directiva &#8211; Periodo 2024 &#8211; 2025<\/strong><\/p>\n\n\n\n<div class=\"wp-block-group is-vertical is-layout-flex wp-container-6\">\n<div class=\"wp-block-group is-vertical is-layout-flex wp-container-5\">\n<div class=\"wp-block-group is-vertical is-layout-flex wp-container-4\">\n<div class=\"wp-block-group is-vertical is-layout-flex wp-container-3\">\n<div class=\"wp-block-group is-vertical is-layout-flex wp-container-2\">\n<p>Presidenta: Melnyk, Grisel Mariela. <\/p>\n\n\n\n<div class=\"wp-block-group is-vertical is-layout-flex wp-container-1\">\n<p>Secretaria: Tenorio, Silvia Raquel. <\/p>\n\n\n\n<p>Tesorera: Bula Quartino, Lucila Mar\u00eda Bel\u00e9n<\/p>\n\n\n\n<p>Primer Vocal Titular: Milessi, Mar\u00eda Eugenia<\/p>\n\n\n\n<p>Segundo Vocal Titular: Holzman, Mar\u00eda Jos\u00e9<\/p>\n\n\n\n<p>Tercer Vocal Titular: Alvarez, Liliana<\/p>\n\n\n\n<p>Cuarto Vocal Titular: Miraglio, Ines<\/p>\n\n\n\n<p>Primer Vocal Suplente: Rausch, Silvia<\/p>\n\n\n\n<p>Segundo Vocal Suplente: Rodriguez, Alberto<\/p>\n\n\n\n<p>Tercer Vocal Suplente: Ulrich, Susana<\/p>\n\n\n\n<p>Cuarto Vocal Suplente: Quartino, Adriana<\/p>\n\n\n\n<p>Revisor de Cuentas Titular: Selva, Susana Leticia<\/p>\n\n\n\n<p>Revisor de Cuentas Suplente: Madoery, M\u00f3nica<\/p>\n<\/div>\n<\/div>\n<\/div>\n<\/div>\n<\/div>\n<\/div>\n","protected":false},"excerpt":{"rendered":"<p>Comisi\u00f3n Directiva &#8211; Periodo 2024 &#8211; 2025 Presidenta: Melnyk, Grisel Mariela. Secretaria: Tenorio, Silvia Raquel. Tesorera: Bula Quartino, Lucila Mar\u00eda Bel\u00e9n Primer Vocal Titular: Milessi, Mar\u00eda Eugenia Segundo Vocal Titular: Holzman, Mar\u00eda Jos\u00e9 Tercer Vocal Titular: Alvarez, Liliana Cuarto Vocal Titular: Miraglio, Ines Primer Vocal Suplente: Rausch, Silvia Segundo Vocal Suplente: Rodriguez, Alberto Tercer Vocal &#8230; <a title=\"Asociaci\u00f3n Cooperadora\" class=\"read-more\" href=\"https:\/\/ieshernandarias-ers.infd.edu.ar\/sitio\/asociacion-cooperadora-periodo-2024-2026\/\" aria-label=\"More on Asociaci\u00f3n Cooperadora\">[+]<\/a><\/p>\n","protected":false},"author":37,"featured_media":0,"parent":0,"menu_order":0,"comment_status":"closed","ping_status":"closed","template":"","meta":[],"acf":[],"_links":{"self":[{"href":"https:\/\/ieshernandarias-ers.infd.edu.ar\/sitio\/wp-json\/wp\/v2\/pages\/1219"}],"collection":[{"href":"https:\/\/ieshernandarias-ers.infd.edu.ar\/sitio\/wp-json\/wp\/v2\/pages"}],"about":[{"href":"https:\/\/ieshernandarias-ers.infd.edu.ar\/sitio\/wp-json\/wp\/v2\/types\/page"}],"author":[{"embeddable":true,"href":"https:\/\/ieshernandarias-ers.infd.edu.ar\/sitio\/wp-json\/wp\/v2\/users\/37"}],"replies":[{"embeddable":true,"href":"https:\/\/ieshernandarias-ers.infd.edu.ar\/sitio\/wp-json\/wp\/v2\/comments?post=1219"}],"version-history":[{"count":2,"href":"https:\/\/ieshernandarias-ers.infd.edu.ar\/sitio\/wp-json\/wp\/v2\/pages\/1219\/revisions"}],"predecessor-version":[{"id":1223,"href":"https:\/\/ieshernandarias-ers.infd.edu.ar\/sitio\/wp-json\/wp\/v2\/pages\/1219\/revisions\/1223"}],"wp:attachment":[{"href":"https:\/\/ieshernandarias-ers.infd.edu.ar\/sitio\/wp-json\/wp\/v2\/media?parent=1219"}],"curies":[{"name":"wp","href":"https:\/\/api.w.org\/{rel}","templated":true}]}}