{"id":773,"date":"2018-08-30T13:45:42","date_gmt":"2018-08-30T16:45:42","guid":{"rendered":"https:\/\/ieshernandarias-ers.infd.edu.ar\/sitio\/legislacion\/"},"modified":"2024-05-30T19:20:40","modified_gmt":"2024-05-30T22:20:40","slug":"legislacion","status":"publish","type":"page","link":"https:\/\/ieshernandarias-ers.infd.edu.ar\/sitio\/legislacion\/","title":{"rendered":"Legislaci\u00f3n"},"content":{"rendered":"<p><strong>LEY NACIONAL DE EDUCACI\u00d3N N\u00b0 26.206:<\/strong>\u00a0En vigencia desde Diciembre de 2006.\u00a0<a href=\"https:\/\/ieshernandarias-ers.infd.edu.ar\/sitio\/wp-content\/uploads\/2021\/04\/Ley-nac-26206.pdf\">Descarga<\/a><\/p>\n<p><strong>LEY PROVINCIAL DE EDUCACI\u00d3N N\u00b09.890:<\/strong> En vigencia desde Diciembre de 2008. <a href=\"https:\/\/ieshernandarias-ers.infd.edu.ar\/sitio\/wp-content\/uploads\/2021\/04\/Ley-prov-9890.pdf\">Descarga<\/a><\/p>\n<p><strong>RESOLUCI\u00d3N N\u00b0 4533\/18 C.G.E.:<\/strong>\u00a0Reglamento de realizaci\u00f3n de actividades directas, paseos, excursiones y campamentos. <a href=\"https:\/\/ieshernandarias-ers.infd.edu.ar\/sitio\/wp-content\/uploads\/2019\/08\/4533-18-CGE-Aprueba-Reglamento-de-realizaci\u00f3n-de-actividades-directas-paseos-excursiones-y-campamentos-.pdf\">Descarga<\/a><\/p>\n<p><strong>RESOLUCI\u00d3N N\u00b0 4165\/14 C.G.E.:<\/strong>\u00a0Dise\u00f1o Curricular para la Formaci\u00f3n Docente de Educaci\u00f3n Inicial para la provincia de Entre R\u00edos.\u00a0<a href=\"https:\/\/ieshernandarias-ers.infd.edu.ar\/sitio\/wp-content\/uploads\/2021\/04\/Resolucion_4165_14_CGE-comprimido.pdf\">Descarga<\/a><\/p>\n<p><strong>RESOLUCI\u00d3N N\u00b0 3518\/15 C.G.E.<\/strong>: Rectificatoria de Dise\u00f1o Curricular para la Formaci\u00f3n Docente de Educaci\u00f3n Inicial para la provincia de Entre R\u00edos.\u00a0<a href=\"https:\/\/ieshernandarias-ers.infd.edu.ar\/sitio\/wp-content\/uploads\/2021\/04\/Resolucion_3518_15_CGE-Rectificaci\u00f3n-Dise\u00f1o-Inicial.pdf\">Descarga<\/a><\/p>\n<p><strong>RESOLUCI\u00d3N N\u00b0 4170\/14 C.G.E.:<\/strong>\u00a0Dise\u00f1o Curricular para la Formaci\u00f3n Docente de Educaci\u00f3n Primaria para la provincia de Entre R\u00edos.\u00a0<a href=\"https:\/\/ieshernandarias-ers.infd.edu.ar\/sitio\/wp-content\/uploads\/2021\/04\/Resolucion_4170_14_CGE-comprimido.pdf\">Descarga<\/a><\/p>\n<p><strong>RESOLUCI\u00d3N N\u00ba 3519\/15\u00a0C.G.E.:<\/strong>\u00a0Rectificatoria de Dise\u00f1o Curricular para la Formaci\u00f3n Docente de Educaci\u00f3n Primaria para la provincia de Entre R\u00edos.\u00a0<a href=\"https:\/\/ieshernandarias-ers.infd.edu.ar\/sitio\/wp-content\/uploads\/2021\/04\/Resolucion_3519_15_CGE.pdf\">Descarga<\/a><\/p>\n<p><strong>RESOLUCI\u00d3N N\u00ba 220\/15\u00a0C.G.E.:\u00a0<\/strong>Dise\u00f1o Curricular para la Tecnicatura Superior en Seguridad, Higiene y Ambiente en el Trabajo para la provincia de Entre R\u00edos. <a href=\"https:\/\/ieshernandarias-ers.infd.edu.ar\/sitio\/wp-content\/uploads\/2019\/12\/Resol-220-15-CGE-Tecnicatura-en-seguridad-higiene-y-ambiente-en-el-trabajo-00.pdf\">Descarga<\/a><\/p>\n<p><strong>RESOLUCI\u00d3N N\u00ba 2376\/15\u00a0C.G.E.:<\/strong>\u00a0Dise\u00f1o Curricular para la Tecnicatura Superior en Bibliotecolog\u00eda para la provincia de Entre R\u00edos. <a title=\"Dise\u00f1o Curricular Tecnicatura Sup en Bibliotecologia\" href=\"upload\/2376-15_CGE_Disen_o_Curricular_Tecnicatura_Sup._en_Bibliotecologia.pdf\">Descarga<\/a><\/p>\n<p><strong>RESOLUCI\u00d3N N\u00ba 4404\/14 C.G.E.:<\/strong>\u00a0Competencia de T\u00edtulos para la Tecnicatura Superior en Bibliotecolog\u00eda para la provincia de Entre R\u00edos.\u00a0<a title=\"Competencia de Titulos para Bibliotecologia\" href=\"http:\/\/www.entrerios.gov.ar\/CGE\/2010\/juradodeconcursos\/files\/2014\/07\/4404-14-CGE-Tecnicatura-Sup.-en-Bibliotecolog%C3%ADa.pdf\">Descarga<\/a><\/p>\n<p><strong>RESOLUCI\u00d3N N\u00ba 0249\/24 C.G.E.:<\/strong> R\u00e9gimen Acad\u00e9mico Marco, en los Institutos de Educaci\u00f3n Superior de Gesti\u00f3n Estatal y de Gesti\u00f3n Privada. <a href=\"https:\/\/ieshernandarias-ers.infd.edu.ar\/sitio\/wp-content\/uploads\/2024\/05\/0249-24-CGE-Aprueba-Regimen-Academico-Marco-RAM-para-Institutos-de-Educacion-Superior.pdf\">Descarga<\/a><\/p>\n<p><strong>RESOLUCI\u00d3N N\u00ba\u00a00655\/15\u00a0C.G.E.:<\/strong>\u00a0R\u00e9gimen Acad\u00e9mico\u00a0Marco, en los Institutos de Educaci\u00f3n Superior de Gesti\u00f3n Estatal y de Gesti\u00f3n Privada.\u00a0<a href=\"http:\/\/des.ers.infd.edu.ar\/sitio\/upload\/0655-15_CGE_Rgimen_Acadmico_Marco_Institutos_de_Educ._Superior_-_Ampl-a_alcances_de_la_Res._1066-09_CGE.pdf\" target=\"_blank\" rel=\"noopener\">Descarga<\/a><\/p>\n<p><strong>RESOLUCI\u00d3N N\u00ba 4425\/15 C.G.E.:<\/strong>\u00a0Aprueba las modificaciones parciales introducidas al R\u00e9gimen Acad\u00e9mico Marco (RAM).\u00a0\u00a0<a title=\"Modificaci\u00f3n de la Resoluci\u00f3n 655\" href=\"http:\/\/des.ers.infd.edu.ar\/sitio\/upload\/4425-15_CGE_Modificaciones_Regimen_Academico_Marco_Institutos_de_Educ._Superior_1.pdf\">Descarga<\/a><\/p>\n<p><strong>RESOLUCI\u00d3N N\u00ba 4967\/19 C.G.E.:<\/strong>\u00a0Aprueba nuevo R\u00e9gimen Acad\u00e9mico Marco (RAM).\u00a0\u00a0<a href=\"https:\/\/ieshernandarias-ers.infd.edu.ar\/sitio\/wp-content\/uploads\/2019\/12\/RAM-4967-19-CGE.pdf\">Descarga<\/a><\/p>\n<p><strong>RESOLUCI\u00d3N N\u00ba 0555\/20 C.G.E.:<\/strong>\u00a0Mod. \u00a0Anexo I Res N\u00ba 4967-19 C.G.E., (RAM).\u00a0\u00a0<a href=\"https:\/\/ieshernandarias-ers.infd.edu.ar\/sitio\/wp-content\/uploads\/2020\/03\/0555-20-CGE-Mod-Anexo-I-Res-N\u00ba-4967-19-CGE-R\u00e9gimen-Acad\u00e9mico-Marco-RAM.pdf\">Descarga<\/a><\/p>\n<p><strong>RESOLUCI\u00d3N N\u00ba 4789\/15 C.G.E.:<\/strong>\u00a0Aprobar la ampliaci\u00f3n y las modificaciones introducidas en el Reglamento Org\u00e1nico Marco.\u00a0(ROM)\u00a0<a title=\"ROM - Reglamento Org\u00e1nico Marco\" href=\"http:\/\/des.ers.infd.edu.ar\/sitio\/upload\/4789-15_CGE_Ampliacion_y_modificacion_del_Reglamento_Organico_Marco.pdf\">Descarga<\/a><\/p>\n<p><strong>RESOLUCI\u00d3N N\u00ba 3266\/11 C.G.E.:<\/strong>\u00a0Reglamento de pr\u00e1cticas en el marco de las vinculaciones del Sistema Formador con las escuelas e instituciones asociadas. <a title=\"Reglamento de Practicas\" href=\"http:\/\/des.ers.infd.edu.ar\/sitio\/upload\/Resolucion_326611.pdf\" target=\"_blank\" rel=\"noopener\">Descarga<\/a><\/p>\n<p><strong>CIRCULAR N\u00b0 01\/15 J.C. y D.E.S.:<\/strong>\u00a0Procedimiento concursal para el reingreso y la continuidad en la docencia en el Nivel Superior.\u00a0<a href=\"http:\/\/des.ers.infd.edu.ar\/sitio\/upload\/circular_1_sjd.pdf\">Descarga<\/a><\/p>\n<p><strong>RESOLUCI\u00d3N N\u00ba 2300\/12 C.G.E.:<\/strong>\u00a0Reglamento concursal para Nivel Superior.\u00a0<a title=\"Resoluci\u00f3n 2300\/12\" href=\"upload\/2300-12_CGE_Reglamento_Concursal_Nivel_Superior.pdf\" target=\"_blank\" rel=\"noopener\">Descarga<\/a><\/p>\n<p><strong>RESOLUCI\u00d3N N\u00ba 1471\/16 J.C.:<\/strong> Modificatoria Resoluci\u00f3n 2300\/12 de Jurado de concurso. <a title=\"Resoluci\u00f3n 1471\/16\" href=\"upload\/Resolucion-1471-16-modifica-res-2300-CGE.pdf\" target=\"_blank\" rel=\"noopener\">Descarga<\/a><\/p>\n<p><strong>RESOLUCI\u00d3N N\u00ba 064\/16 J.C.:<\/strong> Sobre Perfiles requeridos para las carreras que se dictan en la Instituci\u00f3n.\u00a0 <a title=\"Resol 064\/16JC\" href=\"upload\/Resol_64-16_Perfiles.pdf\" target=\"_blank\" rel=\"noopener\">Descarga\u00a0<\/a><\/p>\n<p><strong>RESOLUCI\u00d3N N\u00ba 0836\/17 C.G.E.:\u00a0<\/strong>Sobre el Registro de T\u00edtulos para los Concursos en Nivel Superior. <a title=\"resol 836\/17\" href=\"http:\/\/ieshernandarias.ers.infd.edu.ar\/sitio\/upload\/Res._836-17_CGE_-_sobre_Registro_de___Titulos.pdf\" target=\"_blank\" rel=\"noopener\">Descarga<\/a><\/p>\n<p><strong>RESOLUCI\u00d3N N\u00ba 111\/18 J.C.:<\/strong> Sobre presentaci\u00f3n de carpetas de antecedentes para concursos de Nivel Superior.. <a title=\"Resol 111\/18 JC\" href=\"upload\/Res._111-18_JC_present_de_carpetas.pdf\" target=\"_blank\" rel=\"noopener\">Descarga<\/a><\/p>\n<p><strong>RESOLUCI\u00d3N N\u00ba 1888\/07 C.G.E.:\u00a0<\/strong>Sobre Ayudante de C\u00e1tedra.\u00a0 <a title=\"Resolucion 1888-07\" href=\"http:\/\/ieshernandarias.ers.infd.edu.ar\/sitio\/upload\/Resolucion_188807_Ayudante_de_Catedra.pdf\" target=\"_blank\" rel=\"noopener\">Descarga<\/a><\/p>\n","protected":false},"excerpt":{"rendered":"<p>LEY NACIONAL DE EDUCACI\u00d3N N\u00b0 26.206:\u00a0En vigencia desde Diciembre de 2006.\u00a0Descarga LEY PROVINCIAL DE EDUCACI\u00d3N N\u00b09.890: En vigencia desde Diciembre de 2008. Descarga RESOLUCI\u00d3N N\u00b0 4533\/18 C.G.E.:\u00a0Reglamento de realizaci\u00f3n de actividades directas, paseos, excursiones y campamentos. Descarga RESOLUCI\u00d3N N\u00b0 4165\/14 C.G.E.:\u00a0Dise\u00f1o Curricular para la Formaci\u00f3n Docente de Educaci\u00f3n Inicial para la provincia de Entre R\u00edos.\u00a0Descarga &#8230; <a title=\"Legislaci\u00f3n\" class=\"read-more\" href=\"https:\/\/ieshernandarias-ers.infd.edu.ar\/sitio\/legislacion\/\" aria-label=\"More on Legislaci\u00f3n\">[+]<\/a><\/p>\n","protected":false},"author":73,"featured_media":0,"parent":0,"menu_order":0,"comment_status":"closed","ping_status":"closed","template":"","meta":[],"acf":[],"_links":{"self":[{"href":"https:\/\/ieshernandarias-ers.infd.edu.ar\/sitio\/wp-json\/wp\/v2\/pages\/773"}],"collection":[{"href":"https:\/\/ieshernandarias-ers.infd.edu.ar\/sitio\/wp-json\/wp\/v2\/pages"}],"about":[{"href":"https:\/\/ieshernandarias-ers.infd.edu.ar\/sitio\/wp-json\/wp\/v2\/types\/page"}],"author":[{"embeddable":true,"href":"https:\/\/ieshernandarias-ers.infd.edu.ar\/sitio\/wp-json\/wp\/v2\/users\/73"}],"replies":[{"embeddable":true,"href":"https:\/\/ieshernandarias-ers.infd.edu.ar\/sitio\/wp-json\/wp\/v2\/comments?post=773"}],"version-history":[{"count":16,"href":"https:\/\/ieshernandarias-ers.infd.edu.ar\/sitio\/wp-json\/wp\/v2\/pages\/773\/revisions"}],"predecessor-version":[{"id":1180,"href":"https:\/\/ieshernandarias-ers.infd.edu.ar\/sitio\/wp-json\/wp\/v2\/pages\/773\/revisions\/1180"}],"wp:attachment":[{"href":"https:\/\/ieshernandarias-ers.infd.edu.ar\/sitio\/wp-json\/wp\/v2\/media?parent=773"}],"curies":[{"name":"wp","href":"https:\/\/api.w.org\/{rel}","templated":true}]}}