{"id":782,"date":"2018-08-30T13:45:46","date_gmt":"2018-08-30T16:45:46","guid":{"rendered":"https:\/\/ieshernandarias-ers.infd.edu.ar\/sitio\/residencia\/"},"modified":"2023-02-23T19:23:32","modified_gmt":"2023-02-23T22:23:32","slug":"residencia","status":"publish","type":"page","link":"https:\/\/ieshernandarias-ers.infd.edu.ar\/sitio\/residencia\/","title":{"rendered":"Residencia"},"content":{"rendered":"<p><strong><span style=\"font-size: 12pt; color: #cc6600; font-family: Arial;\">Los alumnos realizan las pr\u00e1cticas del correspondiente a\u00f1o lectivo y en cuarto a\u00f1o realizan la Residencia y tienen apoyo en Matem\u00e1ticas, Lengua, Cs Naturares y Cs Sociales<br \/>\n<\/span><\/strong><\/p>\n","protected":false},"excerpt":{"rendered":"<p>Los alumnos realizan las pr\u00e1cticas del correspondiente a\u00f1o lectivo y en cuarto a\u00f1o realizan la Residencia y tienen apoyo en Matem\u00e1ticas, Lengua, Cs Naturares y Cs Sociales<\/p>\n","protected":false},"author":73,"featured_media":0,"parent":0,"menu_order":0,"comment_status":"closed","ping_status":"closed","template":"","meta":[],"acf":[],"_links":{"self":[{"href":"https:\/\/ieshernandarias-ers.infd.edu.ar\/sitio\/wp-json\/wp\/v2\/pages\/782"}],"collection":[{"href":"https:\/\/ieshernandarias-ers.infd.edu.ar\/sitio\/wp-json\/wp\/v2\/pages"}],"about":[{"href":"https:\/\/ieshernandarias-ers.infd.edu.ar\/sitio\/wp-json\/wp\/v2\/types\/page"}],"author":[{"embeddable":true,"href":"https:\/\/ieshernandarias-ers.infd.edu.ar\/sitio\/wp-json\/wp\/v2\/users\/73"}],"replies":[{"embeddable":true,"href":"https:\/\/ieshernandarias-ers.infd.edu.ar\/sitio\/wp-json\/wp\/v2\/comments?post=782"}],"version-history":[{"count":1,"href":"https:\/\/ieshernandarias-ers.infd.edu.ar\/sitio\/wp-json\/wp\/v2\/pages\/782\/revisions"}],"predecessor-version":[{"id":1138,"href":"https:\/\/ieshernandarias-ers.infd.edu.ar\/sitio\/wp-json\/wp\/v2\/pages\/782\/revisions\/1138"}],"wp:attachment":[{"href":"https:\/\/ieshernandarias-ers.infd.edu.ar\/sitio\/wp-json\/wp\/v2\/media?parent=782"}],"curies":[{"name":"wp","href":"https:\/\/api.w.org\/{rel}","templated":true}]}}