{"id":787,"date":"2018-08-30T13:45:48","date_gmt":"2018-08-30T16:45:48","guid":{"rendered":"https:\/\/ieshernandarias-ers.infd.edu.ar\/sitio\/informacion-para-alumnos\/"},"modified":"2019-12-02T20:11:48","modified_gmt":"2019-12-02T23:11:48","slug":"informacion-para-alumnos","status":"publish","type":"page","link":"https:\/\/ieshernandarias-ers.infd.edu.ar\/sitio\/informacion-para-alumnos\/","title":{"rendered":"Informaci\u00f3n para Alumnos"},"content":{"rendered":"<p>Se encuentra abierta la inscripci\u00f3n desde el 01-12-2019 para el cursado la carrera Profesorado de Educaci\u00f3n Primaria para el ciclo lectivo del a\u00f1o 2020.<\/p>\n<p>La documentaci\u00f3n a presentar es:<\/p>\n<ul>\n<li>1 Fotocopia legalizada del t\u00edtulo secundario o en su defecto la constancia de t\u00edtulo en tr\u00e1mite.<\/li>\n<li>1 Fotocopia de DNI &#8211; ambos lados (tarjeta).<\/li>\n<li>1 Constancia de CUIL\/CUIT.<\/li>\n<li>2 Fotos Carnet.<\/li>\n<\/ul>\n","protected":false},"excerpt":{"rendered":"<p>Se encuentra abierta la inscripci\u00f3n desde el 01-12-2019 para el cursado la carrera Profesorado de Educaci\u00f3n Primaria para el ciclo lectivo del a\u00f1o 2020. La documentaci\u00f3n a presentar es: 1 Fotocopia legalizada del t\u00edtulo secundario o en su defecto la constancia de t\u00edtulo en tr\u00e1mite. 1 Fotocopia de DNI &#8211; ambos lados (tarjeta). 1 Constancia &#8230; <a title=\"Informaci\u00f3n para Alumnos\" class=\"read-more\" href=\"https:\/\/ieshernandarias-ers.infd.edu.ar\/sitio\/informacion-para-alumnos\/\" aria-label=\"More on Informaci\u00f3n para Alumnos\">[+]<\/a><\/p>\n","protected":false},"author":73,"featured_media":0,"parent":0,"menu_order":0,"comment_status":"closed","ping_status":"closed","template":"","meta":[],"acf":[],"_links":{"self":[{"href":"https:\/\/ieshernandarias-ers.infd.edu.ar\/sitio\/wp-json\/wp\/v2\/pages\/787"}],"collection":[{"href":"https:\/\/ieshernandarias-ers.infd.edu.ar\/sitio\/wp-json\/wp\/v2\/pages"}],"about":[{"href":"https:\/\/ieshernandarias-ers.infd.edu.ar\/sitio\/wp-json\/wp\/v2\/types\/page"}],"author":[{"embeddable":true,"href":"https:\/\/ieshernandarias-ers.infd.edu.ar\/sitio\/wp-json\/wp\/v2\/users\/73"}],"replies":[{"embeddable":true,"href":"https:\/\/ieshernandarias-ers.infd.edu.ar\/sitio\/wp-json\/wp\/v2\/comments?post=787"}],"version-history":[{"count":5,"href":"https:\/\/ieshernandarias-ers.infd.edu.ar\/sitio\/wp-json\/wp\/v2\/pages\/787\/revisions"}],"predecessor-version":[{"id":919,"href":"https:\/\/ieshernandarias-ers.infd.edu.ar\/sitio\/wp-json\/wp\/v2\/pages\/787\/revisions\/919"}],"wp:attachment":[{"href":"https:\/\/ieshernandarias-ers.infd.edu.ar\/sitio\/wp-json\/wp\/v2\/media?parent=787"}],"curies":[{"name":"wp","href":"https:\/\/api.w.org\/{rel}","templated":true}]}}