{"id":789,"date":"2018-08-30T13:45:49","date_gmt":"2018-08-30T16:45:49","guid":{"rendered":"https:\/\/ieshernandarias-ers.infd.edu.ar\/sitio\/tecnicatura-sup-en-bibliotecologia\/"},"modified":"2019-12-18T20:48:06","modified_gmt":"2019-12-18T23:48:06","slug":"tecnicatura-sup-en-bibliotecologia","status":"publish","type":"page","link":"https:\/\/ieshernandarias-ers.infd.edu.ar\/sitio\/tecnicatura-sup-en-bibliotecologia\/","title":{"rendered":"Tecnicatura Sup en Bibliotecolog\u00eda"},"content":{"rendered":"<p>La Tecnicatura Superior en Bibliotecolog\u00eda fue autorizada por la <a href=\"http:\/\/des.ers.infd.edu.ar\/sitio\/upload\/4781-15_CGE_Autoriza_la_creacion_de_carreras_de_nivel_Superior_de_formacion_docente.pdf\"><span style=\"font-size: 10pt; font-family: arial, helvetica, sans-serif;\"><span style=\"text-decoration: underline;\">Resoluci\u00f3n N\u00b0 4781\/15 CGE<\/span><\/span><\/a> pag 6.<\/p>\n<p>Esta Tecnicatura se dicto a partir del a\u00f1o 2016 (Cohote \u00fanica) en horario vespertino en las instalaciones del IPH.<\/p>\n<p><span style=\"font-family: arial, helvetica, sans-serif; font-size: 10pt;\"><span style=\"font-size: 12pt;\"><span style=\"text-decoration: underline;\"><strong>La RESOLUCI\u00d3N N\u00b0 2376\/15 CGE<\/strong><\/span>:<\/span>\u00a0 Dise\u00f1o Curricular para la Tecnicatura Superior en Bibliotecolog\u00eda para la provincia de Entre R\u00edos. <strong><span style=\"text-decoration: underline;\"><span style=\"color: #ff0000;\"><a title=\"Dise\u00f1o Tecnicatura Sup Bibliotecolog\u00eda\" href=\"upload\/2376-15_CGE_Disen_o_Curricular_Tecnicatura_Sup._en_Bibliotecologia.pdf\"><span style=\"color: #ff0000; text-decoration: underline;\">Descarga<\/span><\/a> <\/span><\/span><\/strong><\/span><\/p>\n<p>&nbsp;<\/p>\n","protected":false},"excerpt":{"rendered":"<p>La Tecnicatura Superior en Bibliotecolog\u00eda fue autorizada por la Resoluci\u00f3n N\u00b0 4781\/15 CGE pag 6. Esta Tecnicatura se dicto a partir del a\u00f1o 2016 (Cohote \u00fanica) en horario vespertino en las instalaciones del IPH. La RESOLUCI\u00d3N N\u00b0 2376\/15 CGE:\u00a0 Dise\u00f1o Curricular para la Tecnicatura Superior en Bibliotecolog\u00eda para la provincia de Entre R\u00edos. Descarga &nbsp;<\/p>\n","protected":false},"author":73,"featured_media":0,"parent":0,"menu_order":0,"comment_status":"closed","ping_status":"closed","template":"","meta":[],"acf":[],"_links":{"self":[{"href":"https:\/\/ieshernandarias-ers.infd.edu.ar\/sitio\/wp-json\/wp\/v2\/pages\/789"}],"collection":[{"href":"https:\/\/ieshernandarias-ers.infd.edu.ar\/sitio\/wp-json\/wp\/v2\/pages"}],"about":[{"href":"https:\/\/ieshernandarias-ers.infd.edu.ar\/sitio\/wp-json\/wp\/v2\/types\/page"}],"author":[{"embeddable":true,"href":"https:\/\/ieshernandarias-ers.infd.edu.ar\/sitio\/wp-json\/wp\/v2\/users\/73"}],"replies":[{"embeddable":true,"href":"https:\/\/ieshernandarias-ers.infd.edu.ar\/sitio\/wp-json\/wp\/v2\/comments?post=789"}],"version-history":[{"count":3,"href":"https:\/\/ieshernandarias-ers.infd.edu.ar\/sitio\/wp-json\/wp\/v2\/pages\/789\/revisions"}],"predecessor-version":[{"id":929,"href":"https:\/\/ieshernandarias-ers.infd.edu.ar\/sitio\/wp-json\/wp\/v2\/pages\/789\/revisions\/929"}],"wp:attachment":[{"href":"https:\/\/ieshernandarias-ers.infd.edu.ar\/sitio\/wp-json\/wp\/v2\/media?parent=789"}],"curies":[{"name":"wp","href":"https:\/\/api.w.org\/{rel}","templated":true}]}}