{"id":808,"date":"2018-08-30T13:45:52","date_gmt":"2018-08-30T16:45:52","guid":{"rendered":"https:\/\/ieshernandarias-ers.infd.edu.ar\/sitio\/docentes\/"},"modified":"2025-12-04T20:59:39","modified_gmt":"2025-12-04T23:59:39","slug":"docentes","status":"publish","type":"page","link":"https:\/\/ieshernandarias-ers.infd.edu.ar\/sitio\/docentes\/","title":{"rendered":"Docentes"},"content":{"rendered":"<ul>\n<li>Prof. Aguiar, Micaela<\/li>\n<li>Prof. Benedetich, Flavia<\/li>\n<li>Prof. Benitez, Mar\u00eda Elena<\/li>\n<li>Prof. Bianchi, Giuliana<\/li>\n<li>Prof. Fernandez, Agustina<\/li>\n<li>Prof. Fleitas, Eliana<\/li>\n<li>Prof. Gonzalez, Juliana<\/li>\n<li>Prof. Gonzalez, Marcela<\/li>\n<li>Prof. Imvinkelried, Yamila<\/li>\n<li>Prof. Kloster, An\u00edbal<\/li>\n<li>Prof. Luques, Daniela<\/li>\n<li>Prof. Mayor, Nicol\u00e1s<\/li>\n<li>Prof. Melnyk, Mariela<\/li>\n<li>Prof. Mendez, Mar\u00eda de los \u00c1ngeles<\/li>\n<li>Prof. Nocera, Facundo<\/li>\n<li>Prof. Quartino, Adriana<\/li>\n<li>Prof. Quartino, Lucia<\/li>\n<li>Prof. Rausch, Silvia<\/li>\n<li>Prof. Romero, Sandra<\/li>\n<li>Prof. Sanchez, Ivan<\/li>\n<li>Prof. Schaller Ch\u00e1vez, Mar\u00eda Soledad<\/li>\n<li>Prof. Schmidt, Silvina<\/li>\n<li>Prof. Solari, Barbara<\/li>\n<li>Prof. Sunker, Mariana<\/li>\n<li>Prof. Tano, Gaston<\/li>\n<li>Prof. Villagra, Maria Eugenia<\/li>\n<li>Prof. Vives, Marina Andrea<\/li>\n<li>Prof. Volker, Brenda<\/li>\n<\/ul>\n","protected":false},"excerpt":{"rendered":"<p>Prof. Aguiar, Micaela Prof. Benedetich, Flavia Prof. Benitez, Mar\u00eda Elena Prof. Bianchi, Giuliana Prof. Fernandez, Agustina Prof. Fleitas, Eliana Prof. Gonzalez, Juliana Prof. Gonzalez, Marcela Prof. Imvinkelried, Yamila Prof. Kloster, An\u00edbal Prof. Luques, Daniela Prof. Mayor, Nicol\u00e1s Prof. Melnyk, Mariela Prof. Mendez, Mar\u00eda de los \u00c1ngeles Prof. Nocera, Facundo Prof. Quartino, Adriana Prof. Quartino, Lucia &#8230; <a title=\"Docentes\" class=\"read-more\" href=\"https:\/\/ieshernandarias-ers.infd.edu.ar\/sitio\/docentes\/\" aria-label=\"More on Docentes\">[+]<\/a><\/p>\n","protected":false},"author":73,"featured_media":0,"parent":0,"menu_order":0,"comment_status":"closed","ping_status":"closed","template":"","meta":[],"acf":[],"_links":{"self":[{"href":"https:\/\/ieshernandarias-ers.infd.edu.ar\/sitio\/wp-json\/wp\/v2\/pages\/808"}],"collection":[{"href":"https:\/\/ieshernandarias-ers.infd.edu.ar\/sitio\/wp-json\/wp\/v2\/pages"}],"about":[{"href":"https:\/\/ieshernandarias-ers.infd.edu.ar\/sitio\/wp-json\/wp\/v2\/types\/page"}],"author":[{"embeddable":true,"href":"https:\/\/ieshernandarias-ers.infd.edu.ar\/sitio\/wp-json\/wp\/v2\/users\/73"}],"replies":[{"embeddable":true,"href":"https:\/\/ieshernandarias-ers.infd.edu.ar\/sitio\/wp-json\/wp\/v2\/comments?post=808"}],"version-history":[{"count":8,"href":"https:\/\/ieshernandarias-ers.infd.edu.ar\/sitio\/wp-json\/wp\/v2\/pages\/808\/revisions"}],"predecessor-version":[{"id":1236,"href":"https:\/\/ieshernandarias-ers.infd.edu.ar\/sitio\/wp-json\/wp\/v2\/pages\/808\/revisions\/1236"}],"wp:attachment":[{"href":"https:\/\/ieshernandarias-ers.infd.edu.ar\/sitio\/wp-json\/wp\/v2\/media?parent=808"}],"curies":[{"name":"wp","href":"https:\/\/api.w.org\/{rel}","templated":true}]}}