{"id":810,"date":"2018-08-30T13:45:53","date_gmt":"2018-08-30T16:45:53","guid":{"rendered":"https:\/\/ieshernandarias-ers.infd.edu.ar\/sitio\/plan-de-estudio-nivel-primario\/"},"modified":"2021-05-05T20:59:03","modified_gmt":"2021-05-05T23:59:03","slug":"plan-de-estudio-nivel-primario","status":"publish","type":"page","link":"https:\/\/ieshernandarias-ers.infd.edu.ar\/sitio\/plan-de-estudio-nivel-primario\/","title":{"rendered":"Plan de Estudio Nivel Primario"},"content":{"rendered":"<p>En la actualidad est\u00e1n en vigencia el <a href=\"https:\/\/ieshernandarias-ers.infd.edu.ar\/sitio\/wp-content\/uploads\/2020\/02\/Cuadro-Plan-de-estudio-Res-4170-14-PEP-00.jpg\">plan de estudio<\/a> y <a href=\"https:\/\/ieshernandarias-ers.infd.edu.ar\/sitio\/wp-content\/uploads\/2020\/02\/Correlatividades-4170-14-00.jpg\">correlatividades<\/a> seg\u00fan la <a href=\"https:\/\/ieshernandarias-ers.infd.edu.ar\/sitio\/wp-content\/uploads\/2021\/04\/Resolucion_4170_14_CGE-comprimido.pdf\">Resoluci\u00f3n N\u00b04170\/14 C.G.E.<\/a> y su modificatoria <a href=\"https:\/\/ieshernandarias-ers.infd.edu.ar\/sitio\/wp-content\/uploads\/2021\/04\/Resolucion_3519_15_CGE.pdf\">Resoluci\u00f3n N\u00b0 3519\/15 C.G.E.<\/a>.<\/p>\n<p><img decoding=\"async\" loading=\"lazy\" class=\"alignnone wp-image-966 size-medium\" src=\"https:\/\/ieshernandarias-ers.infd.edu.ar\/sitio\/wp-content\/uploads\/2020\/02\/Cuadro-Plan-de-estudio-Res-4170-14-PEP-00-e1620259094294-1000x773.jpg\" alt=\"\" width=\"1000\" height=\"773\" srcset=\"https:\/\/ieshernandarias-ers.infd.edu.ar\/sitio\/wp-content\/uploads\/2020\/02\/Cuadro-Plan-de-estudio-Res-4170-14-PEP-00-e1620259094294-1000x773.jpg 1000w, https:\/\/ieshernandarias-ers.infd.edu.ar\/sitio\/wp-content\/uploads\/2020\/02\/Cuadro-Plan-de-estudio-Res-4170-14-PEP-00-e1620259094294-768x593.jpg 768w, https:\/\/ieshernandarias-ers.infd.edu.ar\/sitio\/wp-content\/uploads\/2020\/02\/Cuadro-Plan-de-estudio-Res-4170-14-PEP-00-e1620259094294-1900x1468.jpg 1900w\" sizes=\"(max-width: 1000px) 100vw, 1000px\" \/><\/p>\n<p><img decoding=\"async\" loading=\"lazy\" class=\"alignnone size-medium wp-image-953\" src=\"https:\/\/ieshernandarias-ers.infd.edu.ar\/sitio\/wp-content\/uploads\/2020\/02\/Correlatividades-4170-14-00-773x1000.jpg\" alt=\"\" width=\"773\" height=\"1000\" srcset=\"https:\/\/ieshernandarias-ers.infd.edu.ar\/sitio\/wp-content\/uploads\/2020\/02\/Correlatividades-4170-14-00-773x1000.jpg 773w, https:\/\/ieshernandarias-ers.infd.edu.ar\/sitio\/wp-content\/uploads\/2020\/02\/Correlatividades-4170-14-00-768x994.jpg 768w, https:\/\/ieshernandarias-ers.infd.edu.ar\/sitio\/wp-content\/uploads\/2020\/02\/Correlatividades-4170-14-00-1468x1900.jpg 1468w\" sizes=\"(max-width: 773px) 100vw, 773px\" \/><\/p>\n<p><img decoding=\"async\" loading=\"lazy\" class=\"alignnone size-medium wp-image-963\" src=\"https:\/\/ieshernandarias-ers.infd.edu.ar\/sitio\/wp-content\/uploads\/2020\/02\/Modificacion-Correlativas-Res-4170-14-por-la-Res-3519-15-PEP-01-773x1000.jpg\" alt=\"\" width=\"773\" height=\"1000\" srcset=\"https:\/\/ieshernandarias-ers.infd.edu.ar\/sitio\/wp-content\/uploads\/2020\/02\/Modificacion-Correlativas-Res-4170-14-por-la-Res-3519-15-PEP-01-773x1000.jpg 773w, https:\/\/ieshernandarias-ers.infd.edu.ar\/sitio\/wp-content\/uploads\/2020\/02\/Modificacion-Correlativas-Res-4170-14-por-la-Res-3519-15-PEP-01-768x994.jpg 768w, https:\/\/ieshernandarias-ers.infd.edu.ar\/sitio\/wp-content\/uploads\/2020\/02\/Modificacion-Correlativas-Res-4170-14-por-la-Res-3519-15-PEP-01-1468x1900.jpg 1468w\" sizes=\"(max-width: 773px) 100vw, 773px\" \/><\/p>\n<p><img decoding=\"async\" loading=\"lazy\" class=\"alignnone size-medium wp-image-962\" src=\"https:\/\/ieshernandarias-ers.infd.edu.ar\/sitio\/wp-content\/uploads\/2020\/02\/Modificacion-Correlativas-Res-4170-14-por-la-Res-3519-15-PEP-02-773x1000.jpg\" alt=\"\" width=\"773\" height=\"1000\" srcset=\"https:\/\/ieshernandarias-ers.infd.edu.ar\/sitio\/wp-content\/uploads\/2020\/02\/Modificacion-Correlativas-Res-4170-14-por-la-Res-3519-15-PEP-02-773x1000.jpg 773w, https:\/\/ieshernandarias-ers.infd.edu.ar\/sitio\/wp-content\/uploads\/2020\/02\/Modificacion-Correlativas-Res-4170-14-por-la-Res-3519-15-PEP-02-768x994.jpg 768w, https:\/\/ieshernandarias-ers.infd.edu.ar\/sitio\/wp-content\/uploads\/2020\/02\/Modificacion-Correlativas-Res-4170-14-por-la-Res-3519-15-PEP-02-1468x1900.jpg 1468w\" sizes=\"(max-width: 773px) 100vw, 773px\" \/><\/p>\n<p>&nbsp;<\/p>\n<p>&nbsp;<\/p>\n","protected":false},"excerpt":{"rendered":"<p>En la actualidad est\u00e1n en vigencia el plan de estudio y correlatividades seg\u00fan la Resoluci\u00f3n N\u00b04170\/14 C.G.E. y su modificatoria Resoluci\u00f3n N\u00b0 3519\/15 C.G.E.. &nbsp; &nbsp;<\/p>\n","protected":false},"author":73,"featured_media":0,"parent":0,"menu_order":0,"comment_status":"closed","ping_status":"closed","template":"","meta":[],"acf":[],"_links":{"self":[{"href":"https:\/\/ieshernandarias-ers.infd.edu.ar\/sitio\/wp-json\/wp\/v2\/pages\/810"}],"collection":[{"href":"https:\/\/ieshernandarias-ers.infd.edu.ar\/sitio\/wp-json\/wp\/v2\/pages"}],"about":[{"href":"https:\/\/ieshernandarias-ers.infd.edu.ar\/sitio\/wp-json\/wp\/v2\/types\/page"}],"author":[{"embeddable":true,"href":"https:\/\/ieshernandarias-ers.infd.edu.ar\/sitio\/wp-json\/wp\/v2\/users\/73"}],"replies":[{"embeddable":true,"href":"https:\/\/ieshernandarias-ers.infd.edu.ar\/sitio\/wp-json\/wp\/v2\/comments?post=810"}],"version-history":[{"count":11,"href":"https:\/\/ieshernandarias-ers.infd.edu.ar\/sitio\/wp-json\/wp\/v2\/pages\/810\/revisions"}],"predecessor-version":[{"id":1046,"href":"https:\/\/ieshernandarias-ers.infd.edu.ar\/sitio\/wp-json\/wp\/v2\/pages\/810\/revisions\/1046"}],"wp:attachment":[{"href":"https:\/\/ieshernandarias-ers.infd.edu.ar\/sitio\/wp-json\/wp\/v2\/media?parent=810"}],"curies":[{"name":"wp","href":"https:\/\/api.w.org\/{rel}","templated":true}]}}