{"id":812,"date":"2018-08-30T13:45:53","date_gmt":"2018-08-30T16:45:53","guid":{"rendered":"https:\/\/ieshernandarias-ers.infd.edu.ar\/sitio\/plan-de-estudios\/"},"modified":"2020-02-20T20:09:03","modified_gmt":"2020-02-20T23:09:03","slug":"plan-de-estudios","status":"publish","type":"page","link":"https:\/\/ieshernandarias-ers.infd.edu.ar\/sitio\/plan-de-estudios\/","title":{"rendered":"Plan de estudios &#8211; Profesorado Educaci\u00f3n Inicial"},"content":{"rendered":"<p>&nbsp;<\/p>\n<p>En la actualidad est\u00e1n en vigencia dos planes de estudios uno para 1ro y 2do a\u00f1o seg\u00fan la <a href=\"http:\/\/cge.entrerios.gov.ar\/normativas\/#archivos%2FDocumentos%2FResoluciones%20CGE%2F2014\">Resoluci\u00f3n 4165\/14<\/a> y otro para 3ro y 4to seg\u00fan la resoluci\u00f3n 5420\/08 que dejar\u00e1 de tener vigencia en 2 A\u00f1os.<\/p>\n<p>&nbsp;<\/p>\n<p><strong>PLAN DE ESTUDIO PROFESORADO EDUCACI\u00d3N INICIAL\u00a0 seg\u00fan Resoluci\u00f3n 4165\/14<\/strong><\/p>\n<p>&nbsp;<\/p>\n<p>Plan de estudio y Correlatividades <a title=\"Plan Resol 4165\/14\" href=\"upload\/Plan_y_Corr_Inicial_4165.doc\" target=\"_blank\" rel=\"noopener\"><span style=\"font-size: 12pt;\"><strong><span style=\"color: #0000ff;\">DESCARGA<\/span><\/strong><\/span><\/a><\/p>\n","protected":false},"excerpt":{"rendered":"<p>&nbsp; En la actualidad est\u00e1n en vigencia dos planes de estudios uno para 1ro y 2do a\u00f1o seg\u00fan la Resoluci\u00f3n 4165\/14 y otro para 3ro y 4to seg\u00fan la resoluci\u00f3n 5420\/08 que dejar\u00e1 de tener vigencia en 2 A\u00f1os. &nbsp; PLAN DE ESTUDIO PROFESORADO EDUCACI\u00d3N INICIAL\u00a0 seg\u00fan Resoluci\u00f3n 4165\/14 &nbsp; Plan de estudio y Correlatividades &#8230; <a title=\"Plan de estudios &#8211; Profesorado Educaci\u00f3n Inicial\" class=\"read-more\" href=\"https:\/\/ieshernandarias-ers.infd.edu.ar\/sitio\/plan-de-estudios\/\" aria-label=\"More on Plan de estudios &#8211; Profesorado Educaci\u00f3n Inicial\">[+]<\/a><\/p>\n","protected":false},"author":73,"featured_media":0,"parent":0,"menu_order":0,"comment_status":"closed","ping_status":"closed","template":"","meta":[],"acf":[],"_links":{"self":[{"href":"https:\/\/ieshernandarias-ers.infd.edu.ar\/sitio\/wp-json\/wp\/v2\/pages\/812"}],"collection":[{"href":"https:\/\/ieshernandarias-ers.infd.edu.ar\/sitio\/wp-json\/wp\/v2\/pages"}],"about":[{"href":"https:\/\/ieshernandarias-ers.infd.edu.ar\/sitio\/wp-json\/wp\/v2\/types\/page"}],"author":[{"embeddable":true,"href":"https:\/\/ieshernandarias-ers.infd.edu.ar\/sitio\/wp-json\/wp\/v2\/users\/73"}],"replies":[{"embeddable":true,"href":"https:\/\/ieshernandarias-ers.infd.edu.ar\/sitio\/wp-json\/wp\/v2\/comments?post=812"}],"version-history":[{"count":3,"href":"https:\/\/ieshernandarias-ers.infd.edu.ar\/sitio\/wp-json\/wp\/v2\/pages\/812\/revisions"}],"predecessor-version":[{"id":974,"href":"https:\/\/ieshernandarias-ers.infd.edu.ar\/sitio\/wp-json\/wp\/v2\/pages\/812\/revisions\/974"}],"wp:attachment":[{"href":"https:\/\/ieshernandarias-ers.infd.edu.ar\/sitio\/wp-json\/wp\/v2\/media?parent=812"}],"curies":[{"name":"wp","href":"https:\/\/api.w.org\/{rel}","templated":true}]}}