{"id":816,"date":"2018-08-30T13:45:55","date_gmt":"2018-08-30T16:45:55","guid":{"rendered":"https:\/\/ieshernandarias-ers.infd.edu.ar\/sitio\/historia\/"},"modified":"2022-02-17T19:23:14","modified_gmt":"2022-02-17T22:23:14","slug":"historia","status":"publish","type":"page","link":"https:\/\/ieshernandarias-ers.infd.edu.ar\/sitio\/historia\/","title":{"rendered":"Historia"},"content":{"rendered":"<div class=\"Section1\">\n<h2 style=\"text-align: center;\"><strong>Instituto de Ense\u00f1anza Superior <\/strong><strong>\u201cMaestro Rural Nasario Lapalma\u201d<\/strong><\/h2>\n<p><strong><span style=\"text-decoration: underline;\">Rese\u00f1a hist\u00f3rica<\/span><\/strong><\/p>\n<p>En el a\u00f1o 1986 el Diputado Rodolfo Parente presenta a la C\u00e1mara de Diputados un proyecto para la creaci\u00f3n, en Hernandarias, de un Profesorado de Ense\u00f1anza Primaria, canalizando as\u00ed una solicitud de la mayor\u00eda de los habitantes del pueblo. El 30 de octubre del mismo a\u00f1o, la Senadora Nacional Olijela del Valle Rivas le comunica por nota al Intendente Municipal Ricardo Ren\u00e9 Roig que el mismo proyecto fue tratado por el Honorable Senado de la Naci\u00f3n, obteniendo un dictamen favorable y siendo aprobado por unanimidad. A partir de all\u00ed, el se\u00f1or Intendente eleva nota al Director de Ense\u00f1anza Superior solicitando la creaci\u00f3n del mismo, argumentando su anterior existencia (hasta el a\u00f1o 64), lo beneficioso del mismo para los habitantes de la localidad (los cuales acompa\u00f1aban el pedido a trav\u00e9s de la junta de firmas), la necesidad de que los j\u00f3venes puedan seguir una carrera y evitar as\u00ed que los mismos deban emigrar hacia otras ciudades, generando erogaciones econ\u00f3micas y disgregaci\u00f3n familiar.<\/p>\n<p>El 21 de abril de 1988, por Resoluci\u00f3n N\u00b0 599, el Ministerio de Educaci\u00f3n y Justicia concreta la creaci\u00f3n del Instituto Nacional de Ense\u00f1anza Superior con el Profesorado para la Ense\u00f1anza Primaria. All\u00ed se llama a concurso para cubrir la Rector\u00eda del mismo y es nombrado el Profesor Oscar Laumam con el cargo de rector normalizador. Luego la Municipalidad llama a concurso para cubrir las horas c\u00e1tedras de las distintas asignaturas. En mayo del mismo a\u00f1o, al renunciar el Rector normalizador, es nombrada en el cargo la Profesora Laura Trulls de Scacchi, por Resoluci\u00f3n Ministerial N\u00b0 70. Quien se desempe\u00f1\u00f3 en el mismo hasta el a\u00f1o 2013, cuando recibe el beneficio de la jubilaci\u00f3n, accediendo al cargo de Rector el Profesor Walter Ridolfi quien contin\u00faa actualmente en el mismo.<\/p>\n<p>La apertura oficial del establecimiento se realiza el 28 de mayo de 1988. Luego de ubicar a profesores y estudiantes y organizar horarios de clases, se confirma el d\u00eda 6 de junio de 1988 a las 14 horas como inicio del ciclo lectivo 1988. Las clases comenzaron a dictarse en dos aulas prestadas por la Escuela de Ense\u00f1anza Provincial T\u00e9cnica N\u00b0 12 (actualmente E.E.T. N\u00b0 58 \u201cDr. Federico Hoenig\u201d), en el edificio que la misma alquilaba ubicado en calle Eva Per\u00f3n N\u00b0 220.<\/p>\n<p>El d\u00eda lunes 29 de agosto de ese mismo a\u00f1o, la Subdirectora de DINES Sulma Guridi comunica telef\u00f3nicamente a la Rectora el nombramiento de la Se\u00f1orita Mar\u00eda In\u00e9s Bertonchini como secretaria del establecimiento, comenzando sus actividades el 1ro de septiembre de 1988.<\/p>\n<p>El 29 de noviembre de 1988 se realiz\u00f3 una asamblea general para elegir el nombre que llevar\u00eda la instituci\u00f3n, de acuerdo con la nota enviada por el Director Nacional de Educaci\u00f3n Superior. Las propuestas fueron varias y de la votaci\u00f3n general surgieron los siguientes nombres: Nuestra Se\u00f1ora de la Merced y Maestro Rural Nasario Lapalma. Ambas propuestas fueron remitidas a Buenos Aires con las biograf\u00edas correspondientes. M\u00e1s adelante, el Director Nacional de Ense\u00f1anza Superior env\u00eda la Resoluci\u00f3n Ministerial N\u00b0 61 aceptando el nombre de Maestro Rural Nasario Lapalma para nominar al establecimiento, por considerar que era el m\u00e1s apropiado para una instituci\u00f3n de car\u00e1cter laico.<\/p>\n<p>En el mes de mayo de 1989 comenzaron los preparativos para la inauguraci\u00f3n oficial del establecimiento, a realizarse el 18 de junio de ese a\u00f1o. Se enviaron invitaciones a todas las instituciones que, en su momento, hab\u00edan apoyado su creaci\u00f3n. En el mismo acto se impuso el nombre del establecimiento y se recibi\u00f3 la Bandera de Ceremonias donada por la familia Lapalma, junto a un \u201clibro de oro\u201d (que era firmado por los asistentes al acto), libros para la biblioteca, un cuadro con la imagen de Nasario Lapalma, distintivos con el nombre del Instituto para asistentes, alumnos y personal del mismo, y un juego de caf\u00e9 con cafetera incluida.<\/p>\n<p>Luego de un tiempo de haber dictado clases en el mercado municipal, en el a\u00f1o 2000 el Instituto se traslada al edificio de la Escuela N\u00b0 68, donde funciona actualmente. En el a\u00f1o 2013 se incorpora a la oferta educativa el Profesorado de Educaci\u00f3n Inicial, el cual dicta clases en el edificio de la escuela t\u00e9cnica nuevamente. M\u00e1s adelante, en el a\u00f1o 2015, se abre una nueva cohorte de esta carrera y se trasladan sus clases al Instituto Privado de Hernandarias. En el a\u00f1o 2016 comienza a dictarse la Tecnicatura Superior en Bibliotecolog\u00eda. En el a\u00f1o 2017 se abri\u00f3 una nueva carrera: el Profesorado de Educaci\u00f3n Secundaria en Biolog\u00eda, que comenz\u00f3 a cursar sus clases en el Centro Cultural Municipal para luego trasladarse al IPH.<\/p>\n<p>Es as\u00ed que -en la actualidad- nuestro Instituto cuenta con 2 carreras en curso: el Profesorado de Educaci\u00f3n Primaria, \u00fanica carrera de planta permanente y\u00a0 la Tecnicatura Superior en Seguridad, Higiene y Ambiente en el Trabajo.<\/p>\n<p>Hasta la actualidad, nuestro Instituto tiene 368 egresados de sus diversas carreras, dando un promedio de 10 egresados por a\u00f1o aproximadamente.<\/p>\n<p><span style=\"text-decoration: underline;\"><span lang=\"ES\">\u00a0<\/span><strong>OBJETIVOS INSTITUCIONALES<\/strong><\/span><\/p>\n<ul>\n<li>Formar profesionales docentes especializados para Nivel Primario de la Educaci\u00f3n General B\u00e1sica con orientaci\u00f3n para la intervenci\u00f3n en contextos locales, \u00a0rurales y urbano marginales.<\/li>\n<li>Mejorar\u00a0 el\u00a0 nivel\u00a0 educativo\u00a0 de la zona brindando\u00a0 actualizaci\u00f3n\u00a0 y formaci\u00f3n especializada a los docentes en ejercicio y a futuros docentes, a\u00a0 trav\u00e9s\u00a0\u00a0 de\u00a0\u00a0 instancias\u00a0\u00a0 de\u00a0\u00a0 capacitaci\u00f3n,\u00a0\u00a0 investigaci\u00f3n\u00a0 y\u00a0 acciones<br \/>\ninterinstitucionales.<\/li>\n<li>Ampliar las posibilidades de formaci\u00f3n profesional a los j\u00f3venes de la zona a trav\u00e9s de la apertura del Trayecto B\u00e1sico Com\u00fan a quienes deseen\u00a0\u00a0 continuar\u00a0\u00a0 carreras\u00a0\u00a0 de\u00a0\u00a0 formaci\u00f3n\u00a0\u00a0 docente\u00a0 para Nivel Secundaria en otras instituciones.<\/li>\n<li>Asegurar la participaci\u00f3n de todos los miembros del Instituto en la decisi\u00f3n de pol\u00edticas institucionales, a trav\u00e9s de los mecanismos de gesti\u00f3n.<\/li>\n<li>Promover y favorecer la conformaci\u00f3n de \u00abequipos de trabajo\u00bb en todos los miembros de la instituci\u00f3n para el emprendimiento de acciones y logros de fines compartidos.<\/li>\n<li>Generar condiciones que posibiliten la apropiaci\u00f3n de estrategias de\u00a0aprendizaje significativo\u00a0\u00a0 y producci\u00f3n de conocimiento cr\u00edtico en el marco de los cambios hist\u00f3ricos, pol\u00edticos, culturales y sociales.<\/li>\n<\/ul>\n<\/div>\n","protected":false},"excerpt":{"rendered":"<p>Instituto de Ense\u00f1anza Superior \u201cMaestro Rural Nasario Lapalma\u201d Rese\u00f1a hist\u00f3rica En el a\u00f1o 1986 el Diputado Rodolfo Parente presenta a la C\u00e1mara de Diputados un proyecto para la creaci\u00f3n, en Hernandarias, de un Profesorado de Ense\u00f1anza Primaria, canalizando as\u00ed una solicitud de la mayor\u00eda de los habitantes del pueblo. El 30 de octubre del mismo &#8230; <a title=\"Historia\" class=\"read-more\" href=\"https:\/\/ieshernandarias-ers.infd.edu.ar\/sitio\/historia\/\" aria-label=\"More on Historia\">[+]<\/a><\/p>\n","protected":false},"author":73,"featured_media":0,"parent":0,"menu_order":0,"comment_status":"closed","ping_status":"closed","template":"","meta":[],"acf":[],"_links":{"self":[{"href":"https:\/\/ieshernandarias-ers.infd.edu.ar\/sitio\/wp-json\/wp\/v2\/pages\/816"}],"collection":[{"href":"https:\/\/ieshernandarias-ers.infd.edu.ar\/sitio\/wp-json\/wp\/v2\/pages"}],"about":[{"href":"https:\/\/ieshernandarias-ers.infd.edu.ar\/sitio\/wp-json\/wp\/v2\/types\/page"}],"author":[{"embeddable":true,"href":"https:\/\/ieshernandarias-ers.infd.edu.ar\/sitio\/wp-json\/wp\/v2\/users\/73"}],"replies":[{"embeddable":true,"href":"https:\/\/ieshernandarias-ers.infd.edu.ar\/sitio\/wp-json\/wp\/v2\/comments?post=816"}],"version-history":[{"count":5,"href":"https:\/\/ieshernandarias-ers.infd.edu.ar\/sitio\/wp-json\/wp\/v2\/pages\/816\/revisions"}],"predecessor-version":[{"id":1109,"href":"https:\/\/ieshernandarias-ers.infd.edu.ar\/sitio\/wp-json\/wp\/v2\/pages\/816\/revisions\/1109"}],"wp:attachment":[{"href":"https:\/\/ieshernandarias-ers.infd.edu.ar\/sitio\/wp-json\/wp\/v2\/media?parent=816"}],"curies":[{"name":"wp","href":"https:\/\/api.w.org\/{rel}","templated":true}]}}