{"id":832,"date":"2018-08-30T13:46:00","date_gmt":"2018-08-30T16:46:00","guid":{"rendered":"https:\/\/ieshernandarias-ers.infd.edu.ar\/sitio\/documentos-2\/"},"modified":"2021-05-06T21:11:41","modified_gmt":"2021-05-07T00:11:41","slug":"documentos-2","status":"publish","type":"page","link":"https:\/\/ieshernandarias-ers.infd.edu.ar\/sitio\/documentos-2\/","title":{"rendered":"Documentos"},"content":{"rendered":"<p><span style=\"font-family: arial,helvetica,sans-serif; font-size: 12pt;\">Desde esta secci\u00f3n puedes acceder y descargar documentaci\u00f3n que puedes necesitar para y carrera y labor docente<\/span><\/p>\n<p>&nbsp;<\/p>\n<p><span style=\"font-family: arial,helvetica,sans-serif; font-size: 12pt;\"><span style=\"font-family: arial, helvetica, sans-serif;\"><span style=\"font-size: 12pt;\"><b>&#8211; NAP &#8211; <\/b><\/span><b>N\u00facleos<\/b><span style=\"font-size: 12pt;\"><b>\u00a0de Aprendizaje Prioritarios<\/b><\/span><\/span><\/span><\/p>\n<p><span style=\"font-family: arial,helvetica,sans-serif; font-size: 12pt;\">NAP 1er Ciclo &#8211; Nivel Primario <a href=\"https:\/\/ieshernandarias-ers.infd.edu.ar\/sitio\/wp-content\/uploads\/2021\/05\/Educaci\u00f3n_Primaria_Primer_Ciclo.pdf\"><span style=\"color: #3366ff;\"><strong><span style=\"color: #3366ff;\">Descarga<\/span><\/strong><\/span><\/a><\/span><\/p>\n<p><span style=\"font-family: arial,helvetica,sans-serif; font-size: 12pt;\">NAP 2do Ciclo &#8211; Nivel Primario <a href=\"https:\/\/ieshernandarias-ers.infd.edu.ar\/sitio\/wp-content\/uploads\/2021\/05\/Educaci\u00f3n_Primaria_Segundo_Ciclo.pdf\"><strong><span style=\"color: #3366ff;\"><span style=\"color: #3366ff;\">Descarga<\/span><\/span><\/strong><\/a><\/span><\/p>\n<p>&nbsp;<\/p>\n<p><strong><span style=\"font-family: arial,helvetica,sans-serif; font-size: 12pt;\">&#8211; Lineamientos Curriculares de Educaci\u00f3n Primaria<\/span><\/strong><\/p>\n<p><span style=\"font-family: arial,helvetica,sans-serif; font-size: 12pt;\">Parte 1 &#8211; <a href=\"https:\/\/ieshernandarias-ers.infd.edu.ar\/sitio\/wp-content\/uploads\/2021\/05\/lineamientos-curriculares-de-educacion-primaria-parte-i.pdf\"><strong><span style=\"color: #3366ff;\"><span style=\"color: #3366ff;\">Descarga<\/span><\/span><\/strong><\/a><\/span><\/p>\n<p><span style=\"font-family: arial,helvetica,sans-serif; font-size: 12pt;\">Parte 2 &#8211; <a href=\"https:\/\/ieshernandarias-ers.infd.edu.ar\/sitio\/wp-content\/uploads\/2021\/05\/lineamientos-curriculares-de-educacion-primaria-parte-ii.pdf\"><span style=\"color: #3366ff;\"><strong><span style=\"color: #3366ff;\">Descarga<\/span> <\/strong><\/span><\/a><\/span><\/p>\n<p><span style=\"font-family: arial,helvetica,sans-serif; font-size: 12pt;\">Parte 3 &#8211; <a href=\"https:\/\/ieshernandarias-ers.infd.edu.ar\/sitio\/wp-content\/uploads\/2021\/05\/lineamientos-curriculares-de-educacion-primaria-parte-iii.pdf\"><span style=\"color: #3366ff;\"><strong><span style=\"color: #3366ff;\">Descarga<\/span><\/strong><\/span><\/a><\/span><\/p>\n<p>&nbsp;<\/p>\n<p><strong><span style=\"font-family: arial,helvetica,sans-serif; font-size: 12pt;\">&#8211; Dise\u00f1o Curricular de la Educaci\u00f3n Primaria<\/span><\/strong><\/p>\n<p><span style=\"font-family: arial,helvetica,sans-serif; font-size: 12pt;\">&#8211; Matem\u00e1tica \u00a0 &gt;\u00a0 <span style=\"color: #3366ff;\"><a title=\"Dise\u00f1os Curricular - M\" href=\"upload\/01_-Matematica-Disen_o-Curricular.pdf\" target=\"_blank\" rel=\"noopener\"><span style=\"color: #3366ff;\"><strong>Descarga<\/strong> <\/span><\/a><\/span><\/span><\/p>\n<p><span style=\"font-family: arial,helvetica,sans-serif; font-size: 12pt;\">&#8211; Lengua<span style=\"font-family: arial,helvetica,sans-serif; font-size: 12pt;\"> \u00a0 &gt;\u00a0 <strong><span style=\"color: #3366ff;\"><a title=\"Dise\u00f1os Curricular - L\" href=\"upload\/02_-_LENGUA-Disen_os-Curriculares.pdf\" target=\"_blank\" rel=\"noopener\">Descarga<\/a> <\/span><\/strong><\/span><\/span><\/p>\n<p><span style=\"font-family: arial,helvetica,sans-serif; font-size: 12pt;\">&#8211; Ciencias Naturales <span style=\"font-family: arial,helvetica,sans-serif; font-size: 12pt;\"> \u00a0 &gt;\u00a0 <strong><a title=\"Dise\u00f1os Curricular- CN\" href=\"upload\/03_-_Ciencias-Naturales-Disen_os-Curriculares.pdf\" target=\"_blank\" rel=\"noopener\"><span style=\"color: #3366ff;\">Descarga<\/span> <\/a><\/strong><\/span><\/span><\/p>\n<p><span style=\"font-family: arial,helvetica,sans-serif; font-size: 12pt;\">&#8211; Ciencias Sociales <span style=\"font-family: arial,helvetica,sans-serif; font-size: 12pt;\"> \u00a0 &gt;\u00a0 <strong><span style=\"color: #3366ff;\"><a title=\"Dise\u00f1os Curricular - CS\" href=\"upload\/04_-Ciencias-Sociales-Disen_os-Curriculares.pdf\" target=\"_blank\" rel=\"noopener\">Descarga<\/a> <\/span><\/strong><\/span><\/span><\/p>\n<p><span style=\"font-family: arial,helvetica,sans-serif; font-size: 12pt;\">&#8211; Artes Visuales <span style=\"font-family: arial,helvetica,sans-serif; font-size: 12pt;\"> \u00a0 &gt;\u00a0 <strong><a title=\"Dise\u00f1os Curricular - AV\" href=\"upload\/05_-_Artes-Visuales-Disen_os-Curriculares.pdf\" target=\"_blank\" rel=\"noopener\"><span style=\"color: #3366ff;\">Descarga<\/span> <\/a><\/strong><\/span><\/span><\/p>\n<p><span style=\"font-family: arial,helvetica,sans-serif; font-size: 12pt;\">&#8211; Educaci\u00f3n F\u00edsica <span style=\"font-family: arial,helvetica,sans-serif; font-size: 12pt;\"> \u00a0 &gt;\u00a0 <strong><a title=\"Dise\u00f1os Curricular - EF\" href=\"upload\/06_-_Educacion-Fisica-Disen_os-Curriculares.pdf\" target=\"_blank\" rel=\"noopener\"><span style=\"color: #3366ff;\">Descarga<\/span> <\/a><\/strong><\/span><\/span><\/p>\n<p><span style=\"font-family: arial,helvetica,sans-serif; font-size: 12pt;\">&#8211; M\u00fasica <span style=\"font-family: arial,helvetica,sans-serif; font-size: 12pt;\"> \u00a0 &gt;\u00a0 <strong><span style=\"color: #3366ff;\"><a title=\"Dise\u00f1os Curricular - M\" href=\"upload\/07_-_Musica-Disen_os-Curriculares.pdf\" target=\"_blank\" rel=\"noopener\">Descarga<\/a> <\/span><\/strong><\/span><\/span><\/p>\n<p><span style=\"font-family: arial,helvetica,sans-serif; font-size: 12pt;\">&#8211; Educaci\u00f3n Tecnol\u00f3gica <span style=\"font-family: arial,helvetica,sans-serif; font-size: 12pt;\"> \u00a0 &gt;\u00a0 <strong><span style=\"color: #3366ff;\"><a title=\"Dise\u00f1os Curricular - ET\" href=\"upload\/08_-_Educacion-Tecnologica-Disen_os-Curriculares.pdf\" target=\"_blank\" rel=\"noopener\">Descarga<\/a> <\/span><\/strong><\/span><\/span><\/p>\n<p>&nbsp;<\/p>\n<p><strong>&#8211;\u00a0<\/strong><span style=\"font-family: arial,helvetica,sans-serif; font-size: 12pt;\"><strong>Dise\u00f1o Curricular de Educaci\u00f3n Primaria para J\u00f3venes y Adultos &#8211; <a href=\"https:\/\/ieshernandarias-ers.infd.edu.ar\/sitio\/wp-content\/uploads\/2021\/05\/Res-625-11-Dise\u00f1o-de-Primaria-de-Jovenes-y-Adultos-.pdf\"><span style=\"color: #3366ff;\"><span style=\"color: #3366ff;\">Descarga<\/span><\/span><\/a><\/strong><\/span><\/p>\n<p>&nbsp;<\/p>\n","protected":false},"excerpt":{"rendered":"<p>Desde esta secci\u00f3n puedes acceder y descargar documentaci\u00f3n que puedes necesitar para y carrera y labor docente &nbsp; &#8211; NAP &#8211; N\u00facleos\u00a0de Aprendizaje Prioritarios NAP 1er Ciclo &#8211; Nivel Primario Descarga NAP 2do Ciclo &#8211; Nivel Primario Descarga &nbsp; &#8211; Lineamientos Curriculares de Educaci\u00f3n Primaria Parte 1 &#8211; Descarga Parte 2 &#8211; Descarga Parte 3 &#8230; <a title=\"Documentos\" class=\"read-more\" href=\"https:\/\/ieshernandarias-ers.infd.edu.ar\/sitio\/documentos-2\/\" aria-label=\"More on Documentos\">[+]<\/a><\/p>\n","protected":false},"author":73,"featured_media":0,"parent":0,"menu_order":0,"comment_status":"closed","ping_status":"closed","template":"","meta":[],"acf":[],"_links":{"self":[{"href":"https:\/\/ieshernandarias-ers.infd.edu.ar\/sitio\/wp-json\/wp\/v2\/pages\/832"}],"collection":[{"href":"https:\/\/ieshernandarias-ers.infd.edu.ar\/sitio\/wp-json\/wp\/v2\/pages"}],"about":[{"href":"https:\/\/ieshernandarias-ers.infd.edu.ar\/sitio\/wp-json\/wp\/v2\/types\/page"}],"author":[{"embeddable":true,"href":"https:\/\/ieshernandarias-ers.infd.edu.ar\/sitio\/wp-json\/wp\/v2\/users\/73"}],"replies":[{"embeddable":true,"href":"https:\/\/ieshernandarias-ers.infd.edu.ar\/sitio\/wp-json\/wp\/v2\/comments?post=832"}],"version-history":[{"count":5,"href":"https:\/\/ieshernandarias-ers.infd.edu.ar\/sitio\/wp-json\/wp\/v2\/pages\/832\/revisions"}],"predecessor-version":[{"id":1056,"href":"https:\/\/ieshernandarias-ers.infd.edu.ar\/sitio\/wp-json\/wp\/v2\/pages\/832\/revisions\/1056"}],"wp:attachment":[{"href":"https:\/\/ieshernandarias-ers.infd.edu.ar\/sitio\/wp-json\/wp\/v2\/media?parent=832"}],"curies":[{"name":"wp","href":"https:\/\/api.w.org\/{rel}","templated":true}]}}